{"id":7,"date":"2024-04-22T19:27:36","date_gmt":"2024-04-22T22:27:36","guid":{"rendered":"https:\/\/guarulhosprotegeascriancas.com.br\/?page_id=7"},"modified":"2024-04-23T19:43:22","modified_gmt":"2024-04-23T22:43:22","slug":"home","status":"publish","type":"page","link":"https:\/\/guarulhosprotegeascriancas.com.br\/","title":{"rendered":"Home"},"content":{"rendered":"\t\t<div data-elementor-type=\"wp-page\" data-elementor-id=\"7\" class=\"elementor elementor-7\">\n\t\t\t\t<div class=\"elementor-element elementor-element-aaba171 e-con-full elementor-hidden-tablet elementor-hidden-mobile e-flex e-con e-parent\" data-id=\"aaba171\" data-element_type=\"container\">\n\t\t\t\t<div class=\"elementor-element elementor-element-8e56f33 elementor-widget elementor-widget-image\" data-id=\"8e56f33\" data-element_type=\"widget\" data-widget_type=\"image.default\">\n\t\t\t\t<div class=\"elementor-widget-container\">\n\t\t\t\t\t\t\t\t\t\t\t\t\t\t\t<img fetchpriority=\"high\" decoding=\"async\" width=\"1536\" height=\"768\" src=\"https:\/\/guarulhosprotegeascriancas.com.br\/wp-content\/uploads\/2024\/04\/ADALBERTO-LPS-2.png\" class=\"attachment-full size-full wp-image-10\" alt=\"\" srcset=\"https:\/\/guarulhosprotegeascriancas.com.br\/wp-content\/uploads\/2024\/04\/ADALBERTO-LPS-2.png 1536w, https:\/\/guarulhosprotegeascriancas.com.br\/wp-content\/uploads\/2024\/04\/ADALBERTO-LPS-2-300x150.png 300w, https:\/\/guarulhosprotegeascriancas.com.br\/wp-content\/uploads\/2024\/04\/ADALBERTO-LPS-2-1024x512.png 1024w, https:\/\/guarulhosprotegeascriancas.com.br\/wp-content\/uploads\/2024\/04\/ADALBERTO-LPS-2-768x384.png 768w\" sizes=\"(max-width: 1536px) 100vw, 1536px\" \/>\t\t\t\t\t\t\t\t\t\t\t\t\t\t\t<\/div>\n\t\t\t\t<\/div>\n\t\t\t\t<\/div>\n\t\t<div class=\"elementor-element elementor-element-bfae975 e-con-full elementor-hidden-desktop e-flex e-con e-parent\" data-id=\"bfae975\" data-element_type=\"container\">\n\t\t\t\t<div class=\"elementor-element elementor-element-cd15128 elementor-hidden-desktop elementor-widget elementor-widget-image\" data-id=\"cd15128\" data-element_type=\"widget\" data-widget_type=\"image.default\">\n\t\t\t\t<div class=\"elementor-widget-container\">\n\t\t\t\t\t\t\t\t\t\t\t\t\t\t\t<img decoding=\"async\" width=\"768\" height=\"1279\" src=\"https:\/\/guarulhosprotegeascriancas.com.br\/wp-content\/uploads\/2024\/04\/ADALBERTO-LPS-1.png\" class=\"attachment-full size-full wp-image-11\" alt=\"\" srcset=\"https:\/\/guarulhosprotegeascriancas.com.br\/wp-content\/uploads\/2024\/04\/ADALBERTO-LPS-1.png 768w, https:\/\/guarulhosprotegeascriancas.com.br\/wp-content\/uploads\/2024\/04\/ADALBERTO-LPS-1-180x300.png 180w, https:\/\/guarulhosprotegeascriancas.com.br\/wp-content\/uploads\/2024\/04\/ADALBERTO-LPS-1-615x1024.png 615w\" sizes=\"(max-width: 768px) 100vw, 768px\" \/>\t\t\t\t\t\t\t\t\t\t\t\t\t\t\t<\/div>\n\t\t\t\t<\/div>\n\t\t\t\t<\/div>\n\t\t<div class=\"elementor-element elementor-element-81b465f e-flex e-con-boxed e-con e-parent\" data-id=\"81b465f\" data-element_type=\"container\" data-settings=\"{&quot;background_background&quot;:&quot;classic&quot;}\">\n\t\t\t\t\t<div class=\"e-con-inner\">\n\t\t<div class=\"elementor-element elementor-element-efa8654 e-con-full e-flex e-con e-child\" data-id=\"efa8654\" data-element_type=\"container\">\n\t\t\t\t<div class=\"elementor-element elementor-element-c11657f elementor-widget elementor-widget-heading\" data-id=\"c11657f\" data-element_type=\"widget\" data-widget_type=\"heading.default\">\n\t\t\t\t<div class=\"elementor-widget-container\">\n\t\t\t\t\t<h2 class=\"elementor-heading-title elementor-size-default\">Abaixo-assinado em prol da restri\u00e7\u00e3o de eventos com crian\u00e7as utilizando verba p\u00fablica! Se voc\u00ea \u00e9 a favor deixe sua manifesta\u00e7\u00e3o contr\u00e1ria.<\/h2>\t\t\t\t<\/div>\n\t\t\t\t<\/div>\n\t\t\t\t<\/div>\n\t\t<div class=\"elementor-element elementor-element-cfadfb4 e-con-full e-flex e-con e-child\" data-id=\"cfadfb4\" data-element_type=\"container\">\n\t\t\t\t<div class=\"elementor-element elementor-element-276ef39 elementor-widget elementor-widget-text-editor\" data-id=\"276ef39\" data-element_type=\"widget\" data-widget_type=\"text-editor.default\">\n\t\t\t\t<div class=\"elementor-widget-container\">\n\t\t\t\t\t\t\t\t\t<p>Assine o abaixo assinado que tem por objetivo a cria\u00e7\u00e3o de lei para proibir o uso de verba p\u00fablica em eventos e servi\u00e7os que promovam de forma direta ou indireta a sexualiza\u00e7\u00e3o infantil.<\/p><p>A inten\u00e7\u00e3o acima visa contribuir para a redu\u00e7\u00e3o dos dados alarmantes de abuso e explora\u00e7\u00e3o sexual infantil no pa\u00eds.<\/p><p>Todos os anos, cerca de 500 mil crian\u00e7as e adolescentes s\u00e3o explorados sexualmente no Brasil, sendo que a estimativa \u00e9 de que apenas 7,5 % dos casos s\u00e3o denunciados \u00e0s autoridades.<\/p><p>A crian\u00e7a e o adolescente precisam ser respeitados e preservados, sendo dever de toda a sociedade contribuir para tal.<\/p><p>Expor crian\u00e7as \u00e0 erotiza\u00e7\u00e3o por meio de conte\u00fados de sexualiza\u00e7\u00e3o \u00e9 algo que preocupa a todos que t\u00eam a miss\u00e3o de formar cidad\u00e3os capazes de viverem experi\u00eancias com compet\u00eancia para enfrentar os desafios da vida.<\/p><p>Para garantir o cumprimento da lei, ao contratar servi\u00e7os ou adquirir produtos de qualquer natureza, bem como patrocinar eventos ou espet\u00e1culos p\u00fablicos ou programas de r\u00e1dio, televis\u00e3o ou redes sociais, a administra\u00e7\u00e3o p\u00fablica direta ou indireta far\u00e1 constar clausula obrigat\u00f3ria de respeito ao que prop\u00f5e a mat\u00e9ria pelo contratado, patrocinado ou beneficiado.<\/p>\t\t\t\t\t\t\t\t<\/div>\n\t\t\t\t<\/div>\n\t\t\t\t<\/div>\n\t\t\t\t\t<\/div>\n\t\t\t\t<\/div>\n\t\t<div class=\"elementor-element elementor-element-d38b44c e-flex e-con-boxed e-con e-parent\" data-id=\"d38b44c\" data-element_type=\"container\" data-settings=\"{&quot;background_background&quot;:&quot;classic&quot;}\">\n\t\t\t\t\t<div class=\"e-con-inner\">\n\t\t\t\t<div class=\"elementor-element elementor-element-5da66be elementor-widget elementor-widget-shortcode\" data-id=\"5da66be\" data-element_type=\"widget\" data-widget_type=\"shortcode.default\">\n\t\t\t\t<div class=\"elementor-widget-container\">\n\t\t\t\t\t\t\t<div class=\"elementor-shortcode\"><noscript class=\"ninja-forms-noscript-message\">\n\tAviso: O JavaScript \u00e9 necess\u00e1rio para esse conte\u00fado.<\/noscript>\n<div id=\"nf-form-2-cont\" class=\"nf-form-cont\" aria-live=\"polite\" aria-labelledby=\"nf-form-title-2\" aria-describedby=\"nf-form-errors-2\" role=\"form\">\n\n    <div class=\"nf-loading-spinner\"><\/div>\n\n<\/div>\n        <!-- That data is being printed as a workaround to page builders reordering the order of the scripts loaded-->\n        <script>var formDisplay=1;var nfForms=nfForms||[];var form=[];form.id='2';form.settings={\"objectType\":\"Form Setting\",\"editActive\":true,\"title\":\"Abaixo-assinado | Movimento Guarulhos Protege as Crian\\u00e7as\",\"show_title\":0,\"allow_public_link\":0,\"embed_form\":\"\",\"clear_complete\":1,\"hide_complete\":1,\"default_label_pos\":\"above\",\"wrapper_class\":\"\",\"element_class\":\"\",\"form_title_heading_level\":\"3\",\"key\":\"\",\"add_submit\":0,\"changeEmailErrorMsg\":\"Digite um endere\\u00e7o de e-mail v\\u00e1lido!\",\"changeDateErrorMsg\":\"Digite uma data v\\u00e1lida!\",\"confirmFieldErrorMsg\":\"Estes campos devem corresponder!\",\"fieldNumberNumMinError\":\"Erro no n\\u00famero m\\u00ednimo\",\"fieldNumberNumMaxError\":\"Erro no n\\u00famero m\\u00e1ximo\",\"fieldNumberIncrementBy\":\"Incremente por \",\"formErrorsCorrectErrors\":\"Corrija os erros antes de enviar este formul\\u00e1rio.\",\"validateRequiredField\":\"Este campo \\u00e9 obrigat\\u00f3rio.\",\"honeypotHoneypotError\":\"Erro do Honeypot\",\"fieldsMarkedRequired\":\"Campos marcados com <span class=\\\"ninja-forms-req-symbol\\\">*<\\\/span> s\\u00e3o requeridos\",\"currency\":\"\",\"unique_field_error\":\"Um formul\\u00e1rio com este valor j\\u00e1 foi enviado.\",\"logged_in\":false,\"not_logged_in_msg\":\"\",\"sub_limit_msg\":\"O formul\\u00e1rio atingiu seu limite de envio.\",\"calculations\":[],\"formContentData\":[\"nome_1713825193292\",\"phone_1713825200121\",\"email_1713825228322\",\"assinar_abaixo-assinado_em_prol_do_movimento_guarulhos_protege_as_criancas_1713825164838\",\"assinar_1713825220513\"],\"drawerDisabled\":false,\"ninjaForms\":\"Ninja Forms\",\"fieldTextareaRTEInsertLink\":\"Insira o Link\",\"fieldTextareaRTEInsertMedia\":\"Inserir m\\u00eddia\",\"fieldTextareaRTESelectAFile\":\"Selecionar Arquivo\",\"formHoneypot\":\"Se voc\\u00ea for um humano, deixe este campo em branco.\",\"fileUploadOldCodeFileUploadInProgress\":\"Upload de arquivo em andamento.\",\"fileUploadOldCodeFileUpload\":\"UPLOAD DE ARQUIVO\",\"currencySymbol\":false,\"thousands_sep\":\".\",\"decimal_point\":\",\",\"siteLocale\":\"pt_BR\",\"dateFormat\":\"m\\\/d\\\/Y\",\"startOfWeek\":\"0\",\"of\":\"de\",\"previousMonth\":\"M\\u00eas anterior\",\"nextMonth\":\"Pr\\u00f3ximo m\\u00eas\",\"months\":[\"Janeiro\",\"Fevereiro\",\"Mar\\u00e7o\",\"Abril\",\"Maio\",\"Junho\",\"Julho\",\"Agosto\",\"Setembro\",\"Outubro\",\"Novembro\",\"Dezembro\"],\"monthsShort\":[\"Jan\",\"Fev\",\"Mar\",\"Abr\",\"Maio\",\"Jun\",\"Jul\",\"Ago\",\"Set\",\"Out\",\"Nov\",\"Dez\"],\"weekdays\":[\"Domingo\",\"Segunda-feira\",\"Ter\\u00e7a-feira\",\"Quarta-feira\",\"Quinta-feira\",\"Sexta-feira\",\"S\\u00e1bado\"],\"weekdaysShort\":[\"Dom\",\"Seg\",\"Ter\",\"Qua\",\"Qui\",\"Sex\",\"Sat\"],\"weekdaysMin\":[\"Su\",\"Mo\",\"Tu\",\"We\",\"Th\",\"Fr\",\"Sa\"],\"recaptchaConsentMissing\":\"reCaptcha validation couldn&#039;t load.\",\"recaptchaMissingCookie\":\"reCaptcha v3 validation couldn&#039;t load the cookie needed to submit the form.\",\"recaptchaConsentEvent\":\"Accept reCaptcha cookies before sending the form.\",\"currency_symbol\":\"\",\"beforeForm\":\"\",\"beforeFields\":\"\",\"afterFields\":\"\",\"afterForm\":\"\"};form.fields=[{\"objectType\":\"Field\",\"objectDomain\":\"fields\",\"editActive\":false,\"order\":1,\"idAttribute\":\"id\",\"type\":\"firstname\",\"label\":\"Nome\",\"key\":\"nome_1713825193292\",\"label_pos\":\"above\",\"required\":1,\"default\":\"\",\"placeholder\":\"\",\"container_class\":\"\",\"element_class\":\"\",\"admin_label\":\"\",\"help_text\":\"\",\"custom_name_attribute\":\"fname\",\"personally_identifiable\":1,\"value\":\"\",\"id\":6,\"beforeField\":\"\",\"afterField\":\"\",\"parentType\":\"firstname\",\"element_templates\":[\"firstname\",\"input\"],\"old_classname\":\"\",\"wrap_template\":\"wrap\"},{\"objectType\":\"Field\",\"objectDomain\":\"fields\",\"editActive\":false,\"order\":2,\"idAttribute\":\"id\",\"type\":\"phone\",\"label\":\"Telefone\",\"key\":\"phone_1713825200121\",\"label_pos\":\"above\",\"required\":1,\"default\":\"\",\"placeholder\":\"\",\"container_class\":\"\",\"element_class\":\"\",\"input_limit\":\"\",\"input_limit_type\":\"characters\",\"input_limit_msg\":\"Caractere(s) restante(s)\",\"manual_key\":false,\"admin_label\":\"\",\"help_text\":\"\",\"mask\":\"\",\"custom_mask\":\"\",\"custom_name_attribute\":\"phone\",\"personally_identifiable\":1,\"value\":\"\",\"drawerDisabled\":false,\"id\":7,\"beforeField\":\"\",\"afterField\":\"\",\"parentType\":\"textbox\",\"element_templates\":[\"tel\",\"textbox\",\"input\"],\"old_classname\":\"\",\"wrap_template\":\"wrap\"},{\"objectType\":\"Field\",\"objectDomain\":\"fields\",\"editActive\":false,\"order\":3,\"idAttribute\":\"id\",\"type\":\"email\",\"label\":\"E-mail\",\"key\":\"email_1713825228322\",\"label_pos\":\"above\",\"required\":1,\"default\":\"\",\"placeholder\":\"\",\"container_class\":\"\",\"element_class\":\"\",\"admin_label\":\"\",\"help_text\":\"\",\"custom_name_attribute\":\"email\",\"personally_identifiable\":1,\"value\":\"\",\"id\":8,\"beforeField\":\"\",\"afterField\":\"\",\"parentType\":\"email\",\"element_templates\":[\"email\",\"input\"],\"old_classname\":\"\",\"wrap_template\":\"wrap\"},{\"objectType\":\"Field\",\"objectDomain\":\"fields\",\"editActive\":false,\"order\":4,\"idAttribute\":\"id\",\"type\":\"checkbox\",\"label\":\"Assinar abaixo-assinado em prol do Movimento Guarulhos Protege as Crian\\u00e7as\",\"key\":\"assinar_abaixo-assinado_em_prol_do_movimento_guarulhos_protege_as_criancas_1713825164838\",\"label_pos\":\"right\",\"required\":1,\"container_class\":\"\",\"element_class\":\"\",\"manual_key\":false,\"admin_label\":\"\",\"help_text\":\"\",\"default_value\":\"unchecked\",\"checked_value\":\"Marcado\",\"unchecked_value\":\"Desmarcado\",\"checked_calc_value\":\"\",\"unchecked_calc_value\":\"\",\"drawerDisabled\":false,\"id\":9,\"beforeField\":\"\",\"afterField\":\"\",\"value\":\"\",\"parentType\":\"checkbox\",\"element_templates\":[\"checkbox\",\"input\"],\"old_classname\":\"\",\"wrap_template\":\"wrap\"},{\"objectType\":\"Field\",\"objectDomain\":\"fields\",\"editActive\":false,\"order\":5,\"idAttribute\":\"id\",\"type\":\"submit\",\"label\":\"Assinar\",\"processing_label\":\"Processando\",\"container_class\":\"\",\"element_class\":\"\",\"key\":\"assinar_1713825220513\",\"id\":10,\"beforeField\":\"\",\"afterField\":\"\",\"value\":\"\",\"label_pos\":\"above\",\"parentType\":\"textbox\",\"element_templates\":[\"submit\",\"button\",\"input\"],\"old_classname\":\"\",\"wrap_template\":\"wrap-no-label\"}];nfForms.push(form);<\/script>\n        <\/div>\n\t\t\t\t\t\t<\/div>\n\t\t\t\t<\/div>\n\t\t\t\t\t<\/div>\n\t\t\t\t<\/div>\n\t\t<div class=\"elementor-element elementor-element-e9c36ef e-flex e-con-boxed e-con e-parent\" data-id=\"e9c36ef\" data-element_type=\"container\" data-settings=\"{&quot;background_background&quot;:&quot;classic&quot;}\">\n\t\t\t\t\t<div class=\"e-con-inner\">\n\t\t\t\t<div class=\"elementor-element elementor-element-a664971 elementor-widget elementor-widget-text-editor\" data-id=\"a664971\" data-element_type=\"widget\" data-widget_type=\"text-editor.default\">\n\t\t\t\t<div class=\"elementor-widget-container\">\n\t\t\t\t\t\t\t\t\t<p>Movimento Guarulhos Protege as Crian\u00e7as<\/p>\t\t\t\t\t\t\t\t<\/div>\n\t\t\t\t<\/div>\n\t\t\t\t\t<\/div>\n\t\t\t\t<\/div>\n\t\t\t\t<\/div>\n\t\t","protected":false},"excerpt":{"rendered":"<p>Abaixo-assinado em prol da restri\u00e7\u00e3o de eventos com crian\u00e7as utilizando verba p\u00fablica! Se voc\u00ea \u00e9 a favor deixe sua manifesta\u00e7\u00e3o contr\u00e1ria. Assine o abaixo assinado que tem por objetivo a cria\u00e7\u00e3o de lei para proibir o uso de verba p\u00fablica em eventos e servi\u00e7os que promovam de forma direta ou indireta a sexualiza\u00e7\u00e3o infantil. A [&hellip;]<\/p>\n","protected":false},"author":1,"featured_media":0,"parent":0,"menu_order":0,"comment_status":"closed","ping_status":"closed","template":"elementor_canvas","meta":{"_monsterinsights_skip_tracking":false,"_monsterinsights_sitenote_active":false,"_monsterinsights_sitenote_note":"","_monsterinsights_sitenote_category":0,"footnotes":""},"aioseo_notices":[],"_links":{"self":[{"href":"https:\/\/guarulhosprotegeascriancas.com.br\/index.php?rest_route=\/wp\/v2\/pages\/7"}],"collection":[{"href":"https:\/\/guarulhosprotegeascriancas.com.br\/index.php?rest_route=\/wp\/v2\/pages"}],"about":[{"href":"https:\/\/guarulhosprotegeascriancas.com.br\/index.php?rest_route=\/wp\/v2\/types\/page"}],"author":[{"embeddable":true,"href":"https:\/\/guarulhosprotegeascriancas.com.br\/index.php?rest_route=\/wp\/v2\/users\/1"}],"replies":[{"embeddable":true,"href":"https:\/\/guarulhosprotegeascriancas.com.br\/index.php?rest_route=%2Fwp%2Fv2%2Fcomments&post=7"}],"version-history":[{"count":11,"href":"https:\/\/guarulhosprotegeascriancas.com.br\/index.php?rest_route=\/wp\/v2\/pages\/7\/revisions"}],"predecessor-version":[{"id":21,"href":"https:\/\/guarulhosprotegeascriancas.com.br\/index.php?rest_route=\/wp\/v2\/pages\/7\/revisions\/21"}],"wp:attachment":[{"href":"https:\/\/guarulhosprotegeascriancas.com.br\/index.php?rest_route=%2Fwp%2Fv2%2Fmedia&parent=7"}],"curies":[{"name":"wp","href":"https:\/\/api.w.org\/{rel}","templated":true}]}}